{"id":246,"date":"2021-09-27T15:21:43","date_gmt":"2021-09-27T13:21:43","guid":{"rendered":"http:\/\/leblanc.pl\/china_blue\/?page_id=246"},"modified":"2022-05-05T15:48:18","modified_gmt":"2022-05-05T13:48:18","slug":"chapter-4-from-eire-to-wales","status":"publish","type":"page","link":"https:\/\/leblanc.pl\/china_blue\/index.php\/the-whole-story\/chapter-4-from-eire-to-wales\/","title":{"rendered":"Chapitre 4 &#8211; De l&rsquo;Eire au Pays de Galles"},"content":{"rendered":"<h2><u>De Howth \u00e0 Caernarfon (une nuit difficile pour Gina, un moment embarrassant pour John&#8230;)<\/u><\/h2>\n<p>Quitter la marina de Howth apr\u00e8s 10 jours de vie terrienne semblait un nouveau d\u00e9part.<\/p>\n<p>Conscient des soucis que j&rsquo;avais pour barrer China Blue en marche arri\u00e8re, j&rsquo;avais eu tout le temps\u00a0 d&rsquo;imaginer une strat\u00e9gie pour quitter le ponton sans heurter quoi que ce soit. Je voyais l\u00e0 la seule difficult\u00e9 de notre prochaine\u00a0 navigation.<\/p>\n<p>Quant au reste, y compris la n\u00e9gociation du passage de la barre du Menai Straits, j&rsquo;accordais enti\u00e8re confiance \u00e0 John. Depuis le d\u00e9but de notre voyage, il s&rsquo;\u00e9tait port\u00e9 volontaire pour pr\u00e9parer nos routes sur les cartes papier, int\u00e9grant courants et mar\u00e9es. Je dois admettre que je lui abandonnais cette t\u00e2che avec plaisir.<\/p>\n<div id=\"attachment_992\" style=\"width: 310px\" class=\"wp-caption alignright\"><a href=\"https:\/\/leblanc.pl\/china_blue\/wp-content\/uploads\/2021\/10\/IMG_20210808_212637.jpg\"><img aria-describedby=\"caption-attachment-992\" loading=\"lazy\" class=\"size-medium wp-image-992\" src=\"https:\/\/leblanc.pl\/china_blue\/wp-content\/uploads\/2021\/10\/IMG_20210808_212637-300x225.jpg\" alt=\"China Blue \u00e0 la marina de Howth\" width=\"300\" height=\"225\" srcset=\"https:\/\/leblanc.pl\/china_blue\/wp-content\/uploads\/2021\/10\/IMG_20210808_212637-300x225.jpg 300w, https:\/\/leblanc.pl\/china_blue\/wp-content\/uploads\/2021\/10\/IMG_20210808_212637-768x576.jpg 768w, https:\/\/leblanc.pl\/china_blue\/wp-content\/uploads\/2021\/10\/IMG_20210808_212637.jpg 1000w\" sizes=\"(max-width: 300px) 100vw, 300px\" \/><\/a><p id=\"caption-attachment-992\" class=\"wp-caption-text\">China Blue \u00e0 la marina de Howth<\/p><\/div>\n<p>Le soleil \u00e9tait encore haut sur l&rsquo;horizon \u00e0 20h30, alors que nous h\u00e2lions la derni\u00e8re amarre \u00e0 bord. Longuement r\u00e9fl\u00e9chie, la man\u0153uvre s&rsquo;est exceptionnellement bien d\u00e9roul\u00e9e, m&#8217;emplissant de confiance pour la suite. Avec un certain panache, j&rsquo;orientai la proue de China Blue entre les balises du chenal.<\/p>\n<p>C&rsquo;est \u00e0 ce moment exact qu&rsquo;une flottille de voiliers, qui avaient particip\u00e9 \u00e0 une r\u00e9gate l&rsquo;apr\u00e8s-midi, commen\u00e7a \u00e0 entrer dans le port, \u00e0 la queue-le-leu. John se tenait pr\u00e8s du m\u00e2t avant, signalant des ordres: \u201c<em>plus sur b\u00e2bord\u2026 plus sur b\u00e2bord\u2026<\/em>\u201d, puis se tournant franchement vers moi en vocif\u00e9rant \u201c<em>PLUS SUR B\u00c2BORD !!!<\/em>\u201d.<\/p>\n<p>Ayant mieux \u00e0 faire, soucieux d&rsquo;\u00e9viter tout contact trop rapproch\u00e9 avec un des bateaux entrants, j&rsquo;ignorais sans complexe ses directives jusqu&rsquo;au point (horreur!) de laisser une balise rouge sur b\u00e2bord.<\/p>\n<p>Dans la m\u00eame minute, il y eut un sinistre raclement sous le bateau, qui s&rsquo;est imm\u00e9diatement arr\u00eat\u00e9.<\/p>\n<p>Pleins gaz en avant, pleins gaz en arri\u00e8re. J&rsquo;ai brass\u00e9 beaucoup de vase; mais nous \u00e9tions d\u00e9finitivement \u00e9chou\u00e9s.<\/p>\n<p>Je crois qu&rsquo;\u00e0 ce moment-l\u00e0, John m&rsquo;aurait volontiers pr\u00e9cipit\u00e9 dans l&rsquo;eau boueuse, s&rsquo;il avait pu mettre la main sur un bloc de b\u00e9ton assez lourd pour que j&rsquo;y reste.<br \/>\nNon seulement j&rsquo;avais d\u00e9lib\u00e9r\u00e9ment outrepass\u00e9 ses ordres. Mais le pire pour son ego fut d&rsquo;endurer les regards goguenards \u00e0 peine dissimul\u00e9s des \u00e9quipages d&rsquo;une bonne douzaine de voiliers entrant dans la marina.<\/p>\n<p>Inutile de dire que je me sentais absolument stupide. J&rsquo;ai une qualification de moniteur de bateau-\u00e9cole. Je suis suppos\u00e9 savoir de quel c\u00f4t\u00e9 on laisse les balises rouges en sortant d&rsquo;un port. Je suis cens\u00e9 l&rsquo;enseigner aux gens.<\/p>\n<p>Le staff de la marina, dont nous croyions avoir d\u00e9finitivement pris cong\u00e9, est venu \u00e0 la rescousse avec deux puissantes barques en bois. Apr\u00e8s avoir d\u00fb attendre que tous les bateaux entrants soient pass\u00e9s, ils ont r\u00e9ussi \u00e0 nous extraire de notre pi\u00e8ge.<br \/>\nVoil\u00e0 pour le panache.<\/p>\n<p>Mais nous \u00e9tions en route.<\/p>\n<hr \/>\n<div id=\"attachment_332\" style=\"width: 363px\" class=\"wp-caption alignleft\"><a href=\"https:\/\/leblanc.pl\/china_blue\/wp-content\/uploads\/2021\/09\/Untitled-3.jpg\"><img aria-describedby=\"caption-attachment-332\" loading=\"lazy\" class=\" wp-image-332\" src=\"https:\/\/leblanc.pl\/china_blue\/wp-content\/uploads\/2021\/09\/Untitled-3-300x136.jpg\" alt=\"En route pour le Pays de Galles\" width=\"353\" height=\"160\" srcset=\"https:\/\/leblanc.pl\/china_blue\/wp-content\/uploads\/2021\/09\/Untitled-3-300x136.jpg 300w, https:\/\/leblanc.pl\/china_blue\/wp-content\/uploads\/2021\/09\/Untitled-3-768x349.jpg 768w, https:\/\/leblanc.pl\/china_blue\/wp-content\/uploads\/2021\/09\/Untitled-3.jpg 998w\" sizes=\"(max-width: 353px) 100vw, 353px\" \/><\/a><p id=\"caption-attachment-332\" class=\"wp-caption-text\">En route pour le Pays de Galles<\/p><\/div>\n<p>L&rsquo;incident fut bient\u00f4t dilu\u00e9 dans les premi\u00e8res lueurs du soir. Le ciel \u00e9tait un velours bleu sombre, il soufflait une l\u00e9g\u00e8re brise, mais \u00e0 cause de mon d\u00e9part catastrophique nous avions n\u00e9glig\u00e9 de lib\u00e9rer les voiles, et nous avons pr\u00e9f\u00e9r\u00e9 continuer au moteur, la mer commen\u00e7ant \u00e0 forcir. De plus, nous avions un horaire \u00e0 respecter.<\/p>\n<p>Nous gardions des yeux attentifs sur chaque lumi\u00e8re aper\u00e7ue \u00e0 l&rsquo;horizon. La nuit est tomb\u00e9e, nous avons appris \u00e0 reconna\u00eetre les chalutiers et leurs puissants projecteurs, les ferries \u00e9clair\u00e9s comme des sapins de No\u00ebl et les 3 discrets feux des cargos.<\/p>\n<p>Vers 3 heures du matin, la mer est devenue agit\u00e9e. Puis tr\u00e8s agit\u00e9e, puis grosse. Le vent soufflait avec violence.<\/p>\n<p>China Blue recommen\u00e7a \u00e0 rouler, tanguer et d\u00e9raper dans toutes les directions. L&rsquo;obscurit\u00e9 nous a \u00e9pargn\u00e9 la vue des \u00e9normes vagues qui nous projetaient d&rsquo;un bord \u00e0 l&rsquo;autre, nous percutant en plein tribord.<\/p>\n<p>John et moi nous relayions \u00e0 la barre. Gina alternait entre mal de mer et vomissements. Il n&rsquo;y avait l\u00e0 plus aucun plaisir, tout ce que nous pouvions faire \u00e9tait continuer au moteur, tenant la barre \u00e0 deux mains pour garder le bateau sur son cap. Il n&rsquo;\u00e9tait pas question de s&rsquo;aventurer sur le pont pour \u00e9tablir les voiles.<\/p>\n<hr \/>\n<p>Marc nous avait envoy\u00e9 un message avec un plan d\u00e9taill\u00e9 du chenal d&rsquo;entr\u00e9e dans le Menai Straits, mais John \u00e9tait anxieux d&rsquo;arriver \u00e0 la barre de Caernarfon \u00e0 temps pour la mar\u00e9e. Nous avons augment\u00e9 le r\u00e9gime moteur, et China Blue a commenc\u00e9 \u00e0 batailler \u00e0 7 n\u0153uds \u00e0 travers les paquets de mer.<\/p>\n<p>Nous \u00e9tions d\u00e9sol\u00e9s pour Gina. Pour sa premi\u00e8re travers\u00e9e sur China Blue, nous avions mis la barre trop haut. Epuis\u00e9e, fatigu\u00e9e d&rsquo;\u00eatre malade, elle restait au bas de la descente, accroch\u00e9e \u00e0 la barre de s\u00e9curit\u00e9 du four avec l&rsquo;\u00e9nergie du d\u00e9sespoir,\u00a0 et y a pass\u00e9 le reste de la nuit.<\/p>\n<hr \/>\n<p>Nous \u00e9tions suppos\u00e9s passer la barre \u00e0 10h00. Mais nous avions mis trop de moteur, et il \u00e9tait pr\u00e8s de 07h00 quand nous nous sommes pr\u00e9sent\u00e9s. Nous avons d\u00e9cid\u00e9 de tuer les 3 heures restantes en zig-zaguant. Cela nous donnait un peu de r\u00e9pit, parce que nous allions alterner toutes les demi-heures, face aux vagues pendant une demi-heure et dos aux vagues la demi-heure suivante.<\/p>\n<p>Face aux vagues, China Blue se sentait mieux, sa proue pointant vers le ciel avant de s&rsquo;\u00e9craser dans les creux, dans d&rsquo;impressionnantes gerbes d&rsquo;eau et d&rsquo;\u00e9cume. Nous la sentions indestructible.<\/p>\n<p>Faisant demi-tour, d\u00e9valant la houle, nous avions une allure relativement plus confortable, tant que nous arrivions \u00e0 garder la poupe perpendiculaire aux vagues.<\/p>\n<p>Mais sit\u00f4t que nous reprenions le cap vers notre destination, les vagues nous frappant par tribord rendaient la vie \u00e0 bord infernale.<\/p>\n<hr \/>\n<p>Nous avons fini par passer la barre de Caernarfon et entrer dans le chenal. La surface de l&rsquo;eau est devenue plate; Gina a recommenc\u00e9 \u00e0 sourire.<\/p>\n<p>John \u00e9tait encore debout \u00e0 la proue, respectant scrupuleusement les instructions \u00e9crites de Marc, en m&rsquo;indiquant \u00e0 nouveau les directions avec son bras tendu, et criant par dessus pour \u00eatre s\u00fbr que je comprenne bien.<\/p>\n<p>Chose que je n&rsquo;ai pas forc\u00e9ment faite. Fort de la le\u00e7on de la veille au soir, je me sentais tout \u00e0 fait capable de suivre les balises d&rsquo;un chenal tout seul. Je jugeais que John faisait preuve d&rsquo;exc\u00e8s de prudence, alors que j&rsquo;\u00e9tais plus enclin \u00e0 prendre des raccourcis. OK, d&rsquo;accord, je suis pass\u00e9 une nouvelle fois du mauvais c\u00f4t\u00e9 d&rsquo;une balise verte,<em> mais quoi, qui m&rsquo;avait foutu cette balise l\u00e0 de toutes fa\u00e7ons<\/em>?!<\/p>\n<p>L&rsquo;entr\u00e9e de la marina de Caernarfon, \u00e0 90 degr\u00e9s sur notre tribord, \u00e9tait plut\u00f4t \u00e9troite. Le fort courant de la mar\u00e9e montante nous poussait en avant. John toujours sur la proue, me criait de virer \u201c<em>plus \u00e0 tribord, plus \u00e0 tribord!<\/em>\u201d. N&rsquo;en faisant qu&rsquo;\u00e0 mon id\u00e9e, je voulais attendre d&rsquo;avoir une bonne vue de l&rsquo;entr\u00e9e de la marina, mais ce d\u00e9lai a bien failli nous embarquer trop loin.<\/p>\n<div id=\"attachment_149\" style=\"width: 310px\" class=\"wp-caption alignright\"><a href=\"https:\/\/leblanc.pl\/china_blue\/wp-content\/uploads\/2021\/09\/IMG-20210814-WA0009.jpg\"><img aria-describedby=\"caption-attachment-149\" loading=\"lazy\" class=\"wp-image-149 size-medium\" title=\"Amarr\u00e9 \u00e0 couple \u00e0 Caernarfon\" src=\"https:\/\/leblanc.pl\/china_blue\/wp-content\/uploads\/2021\/09\/IMG-20210814-WA0009-300x135.jpg\" alt=\"Amarr\u00e9 \u00e0 couple \u00e0 Caernarfon\" width=\"300\" height=\"135\" srcset=\"https:\/\/leblanc.pl\/china_blue\/wp-content\/uploads\/2021\/09\/IMG-20210814-WA0009-300x135.jpg 300w, https:\/\/leblanc.pl\/china_blue\/wp-content\/uploads\/2021\/09\/IMG-20210814-WA0009-768x346.jpg 768w, https:\/\/leblanc.pl\/china_blue\/wp-content\/uploads\/2021\/09\/IMG-20210814-WA0009.jpg 960w\" sizes=\"(max-width: 300px) 100vw, 300px\" \/><\/a><p id=\"caption-attachment-149\" class=\"wp-caption-text\">Amarr\u00e9 \u00e0 couple \u00e0 Caernarfon<\/p><\/div>\n<p>C&rsquo;est uniquement gr\u00e2ce aux vocif\u00e9rations de John et la puissante r\u00e9action de notre moteur, \u00e0 fond en avant, que j&rsquo;ai r\u00e9ussi \u00e0 n\u00e9gocier l&rsquo;entr\u00e9e dans le port, un peu en catastrophe, mais sans heurter quoi que ce soit.<\/p>\n<p>D\u00e8s que nous f\u00fbmes amarr\u00e9s, \u00e0 couple avec un gros ketch en bois, nous avons eu la joie de voir arriver Marc et Natalia qui venaient nous accueillir. Ils nous ont imm\u00e9diatement propos\u00e9 g\u00eete et couvert, s&rsquo;inqui\u00e9tant pour Gina qui commen\u00e7ait tout juste \u00e0 se remettre de sa terrible nuit.<\/p>\n<div id=\"attachment_335\" style=\"width: 310px\" class=\"wp-caption alignleft\"><a href=\"https:\/\/leblanc.pl\/china_blue\/wp-content\/uploads\/2021\/09\/caernarfon-1.jpg\"><img aria-describedby=\"caption-attachment-335\" loading=\"lazy\" class=\"size-medium wp-image-335\" src=\"https:\/\/leblanc.pl\/china_blue\/wp-content\/uploads\/2021\/09\/caernarfon-1-300x135.jpg\" alt=\"Caernarfon\" width=\"300\" height=\"135\" srcset=\"https:\/\/leblanc.pl\/china_blue\/wp-content\/uploads\/2021\/09\/caernarfon-1-300x135.jpg 300w, https:\/\/leblanc.pl\/china_blue\/wp-content\/uploads\/2021\/09\/caernarfon-1-768x346.jpg 768w, https:\/\/leblanc.pl\/china_blue\/wp-content\/uploads\/2021\/09\/caernarfon-1.jpg 1000w\" sizes=\"(max-width: 300px) 100vw, 300px\" \/><\/a><p id=\"caption-attachment-335\" class=\"wp-caption-text\">Caernarfon<\/p><\/div>\n<p>Caernarfon fut une escale d\u00e9licieuse. La petite ville est tr\u00e8s pittoresque, la m\u00e9t\u00e9o \u00e9tait cl\u00e9mente, nous y avions de charmants amis, le vin \u00e9tait bon, la nourriture excellente, l&rsquo;ambiance au top. Nous avons m\u00eame \u00e9t\u00e9 invit\u00e9s \u00e0 une soir\u00e9e sp\u00e9ciale au Royal Yacht Club, une v\u00e9n\u00e9rable institution de la ville. Nous n&rsquo;avions jamais mis les pieds dans un Yacht Club, encore moins \u00ab\u00a0<em>Royal<\/em>\u00a0\u00bb . Remarquez, j&rsquo;ai l&rsquo;impression que d\u00e8s que quelque chose a un tout petit peu d&rsquo; importance au Royaume Uni, on l&rsquo;appelle \u00ab\u00a0<em>Royal<\/em>\u00a0\u00bb machin.<br \/>\nMais nous nous y sommes bien amus\u00e9s.<\/p>\n<hr \/>\n<p>Nous sommes rest\u00e9s 6 jours \u00e0 Caernarfon. Avec une certaine \u00e9motion, nous avons accompagn\u00e9 John au taxi qui l&#8217;emm\u00e8nerait \u00e0 la gare. Il rentrait chez lui pour de bon.<\/p>\n<h3>D\u00e9sormais, c&rsquo;\u00e9tait Gina et moi. Et China Blue.<\/h3>\n<p style=\"text-align: right;\"><em>(<a href=\"https:\/\/leblanc.pl\/china_blue\/index.php\/toute-lhistoire\/chapter-5-important-decisions\/\">A suivre&#8230;<\/a>)<\/em><\/p>\n<div class=\"mceTemp\"><\/div>\n","protected":false},"excerpt":{"rendered":"<p>De Howth \u00e0 Caernarfon (une nuit difficile pour Gina, un moment embarrassant pour John&#8230;) Quitter la marina de Howth apr\u00e8s 10 jours de vie terrienne semblait un nouveau d\u00e9part. Conscient des soucis que j&rsquo;avais pour barrer China Blue en marche &hellip; <a href=\"https:\/\/leblanc.pl\/china_blue\/index.php\/the-whole-story\/chapter-4-from-eire-to-wales\/\">Continuer la lecture <span class=\"meta-nav\">&rarr;<\/span><\/a><\/p>\n","protected":false},"author":1,"featured_media":0,"parent":545,"menu_order":0,"comment_status":"open","ping_status":"closed","template":"","meta":[],"_links":{"self":[{"href":"https:\/\/leblanc.pl\/china_blue\/index.php\/wp-json\/wp\/v2\/pages\/246"}],"collection":[{"href":"https:\/\/leblanc.pl\/china_blue\/index.php\/wp-json\/wp\/v2\/pages"}],"about":[{"href":"https:\/\/leblanc.pl\/china_blue\/index.php\/wp-json\/wp\/v2\/types\/page"}],"author":[{"embeddable":true,"href":"https:\/\/leblanc.pl\/china_blue\/index.php\/wp-json\/wp\/v2\/users\/1"}],"replies":[{"embeddable":true,"href":"https:\/\/leblanc.pl\/china_blue\/index.php\/wp-json\/wp\/v2\/comments?post=246"}],"version-history":[{"count":29,"href":"https:\/\/leblanc.pl\/china_blue\/index.php\/wp-json\/wp\/v2\/pages\/246\/revisions"}],"predecessor-version":[{"id":1204,"href":"https:\/\/leblanc.pl\/china_blue\/index.php\/wp-json\/wp\/v2\/pages\/246\/revisions\/1204"}],"up":[{"embeddable":true,"href":"https:\/\/leblanc.pl\/china_blue\/index.php\/wp-json\/wp\/v2\/pages\/545"}],"wp:attachment":[{"href":"https:\/\/leblanc.pl\/china_blue\/index.php\/wp-json\/wp\/v2\/media?parent=246"}],"curies":[{"name":"wp","href":"https:\/\/api.w.org\/{rel}","templated":true}]}}