{"id":243,"date":"2021-09-27T15:18:17","date_gmt":"2021-09-27T13:18:17","guid":{"rendered":"http:\/\/leblanc.pl\/china_blue\/?page_id=243"},"modified":"2022-05-11T10:14:35","modified_gmt":"2022-05-11T08:14:35","slug":"chapter-3-the-rocky-road-to-dublin","status":"publish","type":"page","link":"https:\/\/leblanc.pl\/china_blue\/index.php\/the-whole-story\/chapter-3-the-rocky-road-to-dublin\/","title":{"rendered":"Chapitre 3 &#8211; La longue route pour Dublin"},"content":{"rendered":"<h2><u>De Bangor \u00e0 Howth (et une belle rencontre)<\/u><\/h2>\n<p>En d\u00e9pit de notre m\u00e9saventure \u00e0 Bangor, notre volont\u00e9 toujours inalt\u00e9r\u00e9e, nous avons laiss\u00e9 sur tribord les jolies maisons color\u00e9es du front de mer pour arrondir Orlock Point et nous engager dans le passage du Donaghadee Sound, le 2 ao\u00fbt \u00e0 08h00. Nous \u00e9tions en route pour l&rsquo;Eire et la ville de Howth, l&rsquo;une des marinas qui entourent Dublin.<\/p>\n<div id=\"attachment_341\" style=\"width: 310px\" class=\"wp-caption alignright\"><a href=\"https:\/\/leblanc.pl\/china_blue\/wp-content\/uploads\/2021\/09\/bangor.jpg\"><img aria-describedby=\"caption-attachment-341\" loading=\"lazy\" class=\"size-medium wp-image-341\" src=\"https:\/\/leblanc.pl\/china_blue\/wp-content\/uploads\/2021\/09\/bangor-300x134.jpg\" alt=\"Bangor, le front de mer\" width=\"300\" height=\"134\" srcset=\"https:\/\/leblanc.pl\/china_blue\/wp-content\/uploads\/2021\/09\/bangor-300x134.jpg 300w, https:\/\/leblanc.pl\/china_blue\/wp-content\/uploads\/2021\/09\/bangor-768x343.jpg 768w, https:\/\/leblanc.pl\/china_blue\/wp-content\/uploads\/2021\/09\/bangor.jpg 1000w\" sizes=\"(max-width: 300px) 100vw, 300px\" \/><\/a><p id=\"caption-attachment-341\" class=\"wp-caption-text\">Bangor, le front de mer<\/p><\/div>\n<p>Au d\u00e9part, j&rsquo;avais pr\u00e9vu de faire une escale pour passer la nuit \u00e0 Carlingford. Mais les contraintes li\u00e9es aux mar\u00e9es dans le loch de Carlingford nous auraient fait perdre trop de temps.<\/p>\n<p>Le temps \u00e9tait clair, le ciel d\u00e9gag\u00e9, la mer belle&#8230; et le vent compl\u00e8tement absent.<\/p>\n<p>Le moteur d\u00e9marra \u00e0 nouveau.<\/p>\n<p>Vous pourriez dire que nous aurions pu nous arr\u00eater quelque temps dans la belle ville de Belfast, nous balader et boire des Guinness, en attendant qu&rsquo;un vent favorable nous propulse vers le sud.<\/p>\n<p>Deux raisons nous ont pouss\u00e9 \u00e0 continuer.<\/p>\n<p>La premi\u00e8re \u00e9tait que mon \u00e9pouse Gina arrivait \u00e0 l&rsquo;a\u00e9roport de Dublin le surlendemain, et que je ne voulais pas la faire attendre.<\/p>\n<p>La seconde\u2026 bon, que ce soit clair. J&rsquo;aime bien les irlandais, ce sont des gens agr\u00e9ables et serviables qui ont le c\u0153ur sur la main, et cela, j&rsquo;ai pu le v\u00e9rifier un nombre incalculable de fois. Mais voil\u00e0, je qualifie la Guinness comme \u00e9tant une mixture de goudron et d&rsquo;eau savonneuse. Je vais probablement perdre plusieurs lecteurs ici, mais je tiens \u00e0 parler franchement. Avant de commencer \u00e0 me jeter des pierres, je tiens \u00e0 pr\u00e9ciser que John ne souscrit absolument pas \u00e0 ce point de vue.<br \/>\nVisez bien.<\/p>\n<p>Donc, nous avons fait du moteur. Nous avons fait du moteur sur 90 milles. Nous avons fait du moteur 16 heures durant. Je commen\u00e7ais \u00e0 regretter de ne pas avoir achet\u00e9 un jet-ski. Nous aurions fait du moteur \u00e0 20 noeuds.<\/p>\n<div id=\"attachment_140\" style=\"width: 310px\" class=\"wp-caption alignleft\"><a href=\"https:\/\/leblanc.pl\/china_blue\/wp-content\/uploads\/2021\/09\/20210802_211419.jpg\"><img aria-describedby=\"caption-attachment-140\" loading=\"lazy\" class=\"wp-image-140 size-medium\" title=\"Coucher de soleil sur Carlingford Lough\" src=\"https:\/\/leblanc.pl\/china_blue\/wp-content\/uploads\/2021\/09\/20210802_211419-300x225.jpg\" alt=\"Coucher de soleil sur Carlingford Lough\" width=\"300\" height=\"225\" srcset=\"https:\/\/leblanc.pl\/china_blue\/wp-content\/uploads\/2021\/09\/20210802_211419-300x225.jpg 300w, https:\/\/leblanc.pl\/china_blue\/wp-content\/uploads\/2021\/09\/20210802_211419-1024x768.jpg 1024w, https:\/\/leblanc.pl\/china_blue\/wp-content\/uploads\/2021\/09\/20210802_211419-768x576.jpg 768w, https:\/\/leblanc.pl\/china_blue\/wp-content\/uploads\/2021\/09\/20210802_211419-1536x1152.jpg 1536w, https:\/\/leblanc.pl\/china_blue\/wp-content\/uploads\/2021\/09\/20210802_211419-2048x1536.jpg 2048w\" sizes=\"(max-width: 300px) 100vw, 300px\" \/><\/a><p id=\"caption-attachment-140\" class=\"wp-caption-text\">Coucher de soleil sur Carlingford Lough<\/p><\/div>\n<p>Nous avons quand-m\u00eame appr\u00e9ci\u00e9 le calme de la mer. Par le travers de Portavogie, nous avons cess\u00e9 de suivre la c\u00f4te pour prendre un cap direct sur Howth. La mer a commenc\u00e9 \u00e0 \u00eatre hach\u00e9e, \u00e0 nouveau cons\u00e9quence du vent contre le courant, mais rien de comparable aux conditions subies la veille dans le North Channel. Quelques dauphins ont jou\u00e9 avec China Blue pendant un moment.<\/p>\n<p>John m&rsquo;a expliqu\u00e9 la dramatique famine li\u00e9e \u00e0 la maladie de la pomme de terre en 1840, et comment ses propres anc\u00eatres ont travers\u00e9 le North Channel \u00e0 la rame pour survivre. Cette poignante \u00e9vocation a donn\u00e9 un autre \u00e9clairage \u00e0 notre propre travers\u00e9e.<\/p>\n<p>Il y eut un magnifique coucher de soleil comme nous doublions le Carlingford Lough. Nous avons rencontr\u00e9 un bon nombre de chalutiers, que nous avons soigneusement \u00e9vit\u00e9s.<\/p>\n<div id=\"attachment_139\" style=\"width: 310px\" class=\"wp-caption alignright\"><a href=\"https:\/\/leblanc.pl\/china_blue\/wp-content\/uploads\/2021\/09\/20210802_183939.jpg\"><img aria-describedby=\"caption-attachment-139\" loading=\"lazy\" class=\"wp-image-139 size-medium\" title=\"Un des nombreux chalutiers au nord de Howth\" src=\"https:\/\/leblanc.pl\/china_blue\/wp-content\/uploads\/2021\/09\/20210802_183939-300x225.jpg\" alt=\"Un des nombreux chalutiers au nord de Howth\" width=\"300\" height=\"225\" srcset=\"https:\/\/leblanc.pl\/china_blue\/wp-content\/uploads\/2021\/09\/20210802_183939-300x225.jpg 300w, https:\/\/leblanc.pl\/china_blue\/wp-content\/uploads\/2021\/09\/20210802_183939-1024x768.jpg 1024w, https:\/\/leblanc.pl\/china_blue\/wp-content\/uploads\/2021\/09\/20210802_183939-768x576.jpg 768w, https:\/\/leblanc.pl\/china_blue\/wp-content\/uploads\/2021\/09\/20210802_183939-1536x1152.jpg 1536w, https:\/\/leblanc.pl\/china_blue\/wp-content\/uploads\/2021\/09\/20210802_183939-2048x1536.jpg 2048w\" sizes=\"(max-width: 300px) 100vw, 300px\" \/><\/a><p id=\"caption-attachment-139\" class=\"wp-caption-text\">Un des nombreux chalutiers au nord de Howth<\/p><\/div>\n<p>La nuit tombait alors que nous d\u00e9passions Lambay Island, quelques 8 milles au nord de Howth. L&rsquo;arriv\u00e9e nocturne a mis un peu de piment dans la fin de notre travers\u00e9e. Localiser les cardinales, les phares et les bou\u00e9es parmi les lumi\u00e8res de la ville fut un d\u00e9fi int\u00e9ressant, que nous avons relev\u00e9 comme des pros. Il \u00e9tait minuit, quand, apr\u00e8s une visite involontaire du port de p\u00eache, nous nous sommes amarr\u00e9s en s\u00e9curit\u00e9 dans la marina de Howth.<\/p>\n<p>Nous n&rsquo;avions pas eu une seule chance de hisser nos voiles.<\/p>\n<hr \/>\n<div id=\"attachment_142\" style=\"width: 310px\" class=\"wp-caption alignleft\"><a href=\"https:\/\/leblanc.pl\/china_blue\/wp-content\/uploads\/2021\/09\/20210905_064346.jpg\"><img aria-describedby=\"caption-attachment-142\" loading=\"lazy\" class=\"wp-image-142 size-medium\" title=\"Lambay island\" src=\"https:\/\/leblanc.pl\/china_blue\/wp-content\/uploads\/2021\/09\/20210905_064346-300x225.jpg\" alt=\"Lambay island\" width=\"300\" height=\"225\" srcset=\"https:\/\/leblanc.pl\/china_blue\/wp-content\/uploads\/2021\/09\/20210905_064346-300x225.jpg 300w, https:\/\/leblanc.pl\/china_blue\/wp-content\/uploads\/2021\/09\/20210905_064346-1024x768.jpg 1024w, https:\/\/leblanc.pl\/china_blue\/wp-content\/uploads\/2021\/09\/20210905_064346-768x576.jpg 768w, https:\/\/leblanc.pl\/china_blue\/wp-content\/uploads\/2021\/09\/20210905_064346-1536x1152.jpg 1536w, https:\/\/leblanc.pl\/china_blue\/wp-content\/uploads\/2021\/09\/20210905_064346-2048x1536.jpg 2048w\" sizes=\"(max-width: 300px) 100vw, 300px\" \/><\/a><p id=\"caption-attachment-142\" class=\"wp-caption-text\">Lambay island<\/p><\/div>\n<p>J&rsquo;avais initialement pr\u00e9vu de passer 2 jours \u00e0 Dublin avec Gina.<\/p>\n<p>Depuis le d\u00e9but, elle devait remplacer John \u00e0 bord, les obligations de ce dernier prenant fin \u00e0 Howth. Mais John et moi avions pris l&rsquo;habitude de naviguer ensemble, et nous avons accept\u00e9 avec joie de retraverser la Mer d&rsquo;Irlande pour le d\u00e9barquer au Pays de Galles, afin de faciliter son retour chez lui.<\/p>\n<p>Le reste du voyage le long de la c\u00f4te irlandaise fut donc abandonn\u00e9, et un nouvel itin\u00e9raire mis au point. La pr\u00e9sence de John \u00e0 bord pour traverser la Mer d&rsquo;Irlande \u00e9tait pour nous un grand soulagement.<\/p>\n<hr \/>\n<p>Comme je l&rsquo;ai mentionn\u00e9 plus haut, John est un amateur de Guinness. A notre deuxi\u00e8me jour \u00e0 Howth, il a insist\u00e9 pour que je l&rsquo;accompagne dans un pub local afin qu&rsquo;il puisse assouvir sa passion (il n&rsquo;a pas eu trop besoin d&rsquo;insister).<\/p>\n<p>Ce qui s&rsquo;est pass\u00e9 dans ce pub allait donner une nouvelle couleur \u00e0 notre voyage.<\/p>\n<p>Nous \u00e9tions au milieu de notre deuxi\u00e8me tourn\u00e9e quand un couple est entr\u00e9 dans le pub. Nous nous sommes imm\u00e9diatement reconnus: c&rsquo;\u00e9taient les gens qui nous avaient aid\u00e9 \u00e0 lib\u00e9rer China Blue deux jours plus t\u00f4t \u00e0 Bangor.<\/p>\n<p>Je mets volontiers l&rsquo;accent sur la sinc\u00e9rit\u00e9 des relations tiss\u00e9es dans les marinas. Je consid\u00e8re que c&rsquo;est une b\u00e9n\u00e9diction accord\u00e9e aux voileux. Certains de nos meilleurs amis ont \u00e9t\u00e9 rencontr\u00e9s sur des pontons.<\/p>\n<div id=\"attachment_141\" style=\"width: 310px\" class=\"wp-caption alignright\"><a href=\"https:\/\/leblanc.pl\/china_blue\/wp-content\/uploads\/2021\/09\/IMG-20210805-WA0001.jpg\"><img aria-describedby=\"caption-attachment-141\" loading=\"lazy\" class=\"wp-image-141 size-medium\" title=\"Marc et Natalia\" src=\"https:\/\/leblanc.pl\/china_blue\/wp-content\/uploads\/2021\/09\/IMG-20210805-WA0001-300x149.jpg\" alt=\"Marc and Natalia\" width=\"300\" height=\"149\" srcset=\"https:\/\/leblanc.pl\/china_blue\/wp-content\/uploads\/2021\/09\/IMG-20210805-WA0001-300x149.jpg 300w, https:\/\/leblanc.pl\/china_blue\/wp-content\/uploads\/2021\/09\/IMG-20210805-WA0001-768x380.jpg 768w, https:\/\/leblanc.pl\/china_blue\/wp-content\/uploads\/2021\/09\/IMG-20210805-WA0001.jpg 961w\" sizes=\"(max-width: 300px) 100vw, 300px\" \/><\/a><p id=\"caption-attachment-141\" class=\"wp-caption-text\">Mark et Natalia<\/p><\/div>\n<p><em><strong>Natalia<\/strong> <\/em>et <em><strong>Mark<\/strong> <\/em>n&rsquo;ont certainement pas \u00e9chapp\u00e9 \u00e0 la r\u00e8gle. Nous avons pass\u00e9 la soir\u00e9e ensemble, en parlant de nos vies, de la voile, de tout. Nous avons bu un ou deux whiskys sur China Blue, puis un ou deux rhums sur <strong><em>Pardela<\/em><\/strong>, leur propre voilier, un Bowman 40 construit en 1989. Un tr\u00e8s beau bateau, entretenu avec beaucoup d&rsquo;amour, qui me fit regarder tristement l&rsquo;\u00e9tat plut\u00f4t d\u00e9solant de China Blue, et me demander si nous aurions jamais assez d&rsquo;amour \u00e0 lui donner pour lui rendre un peu de sa gloire pass\u00e9e.<\/p>\n<p>John avait r\u00e9serv\u00e9 un ferry pour traverser la Mer d&rsquo;Irlande et rendre visite \u00e0 sa fille \u00e0 Londres. Ce m\u00eame soir, le ferry et le prix du ticket furent oubli\u00e9s sans h\u00e9sitation, Natalia et Marc lui ayant propos\u00e9 d&#8217;embarquer avec eux sur Pardela le lendemain matin. Ils ont eu une travers\u00e9e magnifique vers Caernarfon, Pays de Galles. Bon vent, bonne mer, soleil et ciel bleu. Toutes les conditions que nous aurions r\u00eav\u00e9 avoir, et que nous n&rsquo;aurions jamais (mais \u00e7a, on ne le savait pas).<\/p>\n<div class=\"mceTemp\"><\/div>\n<hr \/>\n<div id=\"attachment_138\" style=\"width: 235px\" class=\"wp-caption alignleft\"><a href=\"https:\/\/leblanc.pl\/china_blue\/wp-content\/uploads\/2021\/09\/IMG-20210805-WA0004.jpg\"><img aria-describedby=\"caption-attachment-138\" loading=\"lazy\" class=\"wp-image-138 size-medium\" title=\"John heureux \u00e0 la barre de Pardela\" src=\"https:\/\/leblanc.pl\/china_blue\/wp-content\/uploads\/2021\/09\/IMG-20210805-WA0004-225x300.jpg\" alt=\"John heureux \u00e0 la barre de Pardela\" width=\"225\" height=\"300\" srcset=\"https:\/\/leblanc.pl\/china_blue\/wp-content\/uploads\/2021\/09\/IMG-20210805-WA0004-225x300.jpg 225w, https:\/\/leblanc.pl\/china_blue\/wp-content\/uploads\/2021\/09\/IMG-20210805-WA0004.jpg 720w\" sizes=\"(max-width: 225px) 100vw, 225px\" \/><\/a><p id=\"caption-attachment-138\" class=\"wp-caption-text\">John heureux \u00e0 la barre de Pardela<\/p><\/div>\n<p>Avant que Gina arrive, je lui avait fait une description tr\u00e8s n\u00e9gative de l&rsquo;\u00e9tat de China Blue. Je pensais qu&rsquo;ainsi, elle ne le trouverait pas si mal en le d\u00e9couvrant.<\/p>\n<p>\u00c7a n&rsquo;a pas march\u00e9. Elle a \u00e9t\u00e9 tr\u00e8s d\u00e9\u00e7ue quand je lui ai pr\u00e9sent\u00e9 le bateau. De savoir que j&rsquo;avais englouti toutes mes \u00e9conomies de loisir (et plus) dans un projet aussi incertain la d\u00e9primait, ce qui me d\u00e9primait en cons\u00e9quence.<\/p>\n<p>Il s&rsquo;est mis \u00e0 pleuvoir fort. Les drains du cockpit \u00e9taient bouch\u00e9s, et en sortant nous avons d\u00fb patauger dans une petite piscine.\u00a0 Faisant des efforts sur nous-m\u00eames, nous avons essay\u00e9 de notre mieux de nous consoler, en nous promettant que nous trouverions des moyens pour transformer et am\u00e9liorer le confort et l&rsquo;habitabilit\u00e9 de China Blue.<\/p>\n<p>En attendant le retour de John, j&rsquo;avais re\u00e7u et install\u00e9 un traceur ONWA int\u00e9grant un transmetteur AIS. Il \u00e9tait rassurant de savoir que les autres bateaux pourraient nous voir, et que nous pourrions les voir en retour, lors des passages de nuit ou en cas de brouillard. En plus il nous servirait de back-up au cas o\u00f9 ma tablette Android tomberait en panne, cette derni\u00e8re \u00e9tant jusqu&rsquo;alors mon unique instrument de navigation \u00e9lectronique.<\/p>\n<p>Etant d\u00e9sormais 3 \u00e0 bord, nous pouvions enfin envisager sereinement la travers\u00e9e du Canal Saint George.<br \/>\nNous \u00e9tions rest\u00e9s 10 jours \u00e0 la marina de Howth, ce qui \u00e9tait plus que suffisant malgr\u00e9 l&rsquo;accueil sympathique du personnel y travaillant.<br \/>\nNous d\u00e9cid\u00e2mes de rallier Caernarfon, o\u00f9 nous allions \u00eatre accueillis par nos nouveaux amis Marc et Natalia.<\/p>\n<p>Une barre marque l&rsquo;entr\u00e9e du Menai Strait qui donne acc\u00e8s \u00e0 Caernarfon. Elle devait \u00eatre franchie 2 heures avant mar\u00e9e haute, nous allions donc naviguer de nuit pour y arriver au moment ad\u00e9quat.<\/p>\n<p>J&rsquo;avais souvent cont\u00e9 \u00e0 Gina le charme de la navigation nocturne, la qui\u00e9tude de l&rsquo;obscurit\u00e9 enveloppant le bateau, le calme paisible d&rsquo;un profond ciel \u00e9toil\u00e9 et les \u00e9clats magiques du plancton luminescent.<\/p>\n<p>Nous avions John \u00e0 bord. Nous serions en s\u00fbret\u00e9 et heureux.<\/p>\n<h3>Au soir du 12 ao\u00fbt, nous larguions les amarres et mettions le cap sur le Pays de Galles.<\/h3>\n<p style=\"text-align: right;\"><em>(<a href=\"https:\/\/leblanc.pl\/china_blue\/index.php\/toute-lhistoire\/chapter-4-from-eire-to-wales\/\">A suivre<\/a>)<\/em><\/p>\n","protected":false},"excerpt":{"rendered":"<p>De Bangor \u00e0 Howth (et une belle rencontre) En d\u00e9pit de notre m\u00e9saventure \u00e0 Bangor, notre volont\u00e9 toujours inalt\u00e9r\u00e9e, nous avons laiss\u00e9 sur tribord les jolies maisons color\u00e9es du front de mer pour arrondir Orlock Point et nous engager dans &hellip; <a href=\"https:\/\/leblanc.pl\/china_blue\/index.php\/the-whole-story\/chapter-3-the-rocky-road-to-dublin\/\">Continuer la lecture <span class=\"meta-nav\">&rarr;<\/span><\/a><\/p>\n","protected":false},"author":1,"featured_media":0,"parent":545,"menu_order":0,"comment_status":"open","ping_status":"closed","template":"","meta":[],"_links":{"self":[{"href":"https:\/\/leblanc.pl\/china_blue\/index.php\/wp-json\/wp\/v2\/pages\/243"}],"collection":[{"href":"https:\/\/leblanc.pl\/china_blue\/index.php\/wp-json\/wp\/v2\/pages"}],"about":[{"href":"https:\/\/leblanc.pl\/china_blue\/index.php\/wp-json\/wp\/v2\/types\/page"}],"author":[{"embeddable":true,"href":"https:\/\/leblanc.pl\/china_blue\/index.php\/wp-json\/wp\/v2\/users\/1"}],"replies":[{"embeddable":true,"href":"https:\/\/leblanc.pl\/china_blue\/index.php\/wp-json\/wp\/v2\/comments?post=243"}],"version-history":[{"count":25,"href":"https:\/\/leblanc.pl\/china_blue\/index.php\/wp-json\/wp\/v2\/pages\/243\/revisions"}],"predecessor-version":[{"id":1248,"href":"https:\/\/leblanc.pl\/china_blue\/index.php\/wp-json\/wp\/v2\/pages\/243\/revisions\/1248"}],"up":[{"embeddable":true,"href":"https:\/\/leblanc.pl\/china_blue\/index.php\/wp-json\/wp\/v2\/pages\/545"}],"wp:attachment":[{"href":"https:\/\/leblanc.pl\/china_blue\/index.php\/wp-json\/wp\/v2\/media?parent=243"}],"curies":[{"name":"wp","href":"https:\/\/api.w.org\/{rel}","templated":true}]}}