{"id":229,"date":"2021-09-27T12:20:50","date_gmt":"2021-09-27T10:20:50","guid":{"rendered":"http:\/\/leblanc.pl\/china_blue\/?page_id=229"},"modified":"2023-10-31T17:26:35","modified_gmt":"2023-10-31T16:26:35","slug":"conclusion","status":"publish","type":"page","link":"https:\/\/leblanc.pl\/china_blue\/index.php\/conclusion\/","title":{"rendered":"Conclusion"},"content":{"rendered":"<h2><em>Heureux qui, comme Ulysse, a fait un beau voyage&#8230;<\/em><\/h2>\n<p>R\u00e9ussite ou \u00e9chec, il fallait que je vive ce projet.<\/p>\n<p>Je r\u00e9alise que le budget final a explos\u00e9, que la dur\u00e9e du voyage a largement exc\u00e9d\u00e9 le temps initialement pr\u00e9vu, que la navigation fut plus difficile que je l&rsquo;imaginais, que ce bateau s&rsquo;est av\u00e9r\u00e9 bien moins s\u00e9duisant en r\u00e9alit\u00e9 que dans mes r\u00eaves.<\/p>\n<p>Je regrette que la m\u00e9t\u00e9o nous ait contraints \u00e0 faire plus de moteur que de voile (156 h de moteur pour 61 h de voile).<br \/>\nJe regrette que Gina n&rsquo;ait pas pu me seconder pendant tout le voyage, les conditions s&rsquo;\u00e9tant av\u00e9r\u00e9es trop p\u00e9nibles.<\/p>\n<p>Mais toute aventure est bonne \u00e0 vivre. Nous avons fait de belles rencontres, nous avons vu d&rsquo;autres paysages, nous avons appris de nos \u00e9checs, nous avons appris sur la mer, sur les autres, et, le croiriez-vous,\u00a0 sur nous-m\u00eames.<br \/>\nNous avons appris l&rsquo;importance d&rsquo;aller vers les gens du pays, de leur demander des conseils.<br \/>\nNous avons fabriqu\u00e9 des souvenirs.<\/p>\n<p>La mer d&rsquo;Irlande n&rsquo;est pas de tout repos, pourtant les gens y naviguent.<br \/>\nNous allons travailler sur le bateau, le mettre \u00e0 notre go\u00fbt, l&rsquo;am\u00e9liorer.<\/p>\n<p>Et, chaque fois que je le pourrai, j&rsquo;irai prendre l&rsquo;amarre du bateau qui arrive. Parce que j&rsquo;ai appr\u00e9ci\u00e9 qu&rsquo;on prenne la n\u00f4tre, et parce que de grandes amiti\u00e9s peuvent na\u00eetre de ce petit coup de main.<\/p>\n","protected":false},"excerpt":{"rendered":"<p>Heureux qui, comme Ulysse, a fait un beau voyage&#8230; R\u00e9ussite ou \u00e9chec, il fallait que je vive ce projet. Je r\u00e9alise que le budget final a explos\u00e9, que la dur\u00e9e du voyage a largement exc\u00e9d\u00e9 le temps initialement pr\u00e9vu, que &hellip; <a href=\"https:\/\/leblanc.pl\/china_blue\/index.php\/conclusion\/\">Continuer la lecture <span class=\"meta-nav\">&rarr;<\/span><\/a><\/p>\n","protected":false},"author":1,"featured_media":0,"parent":0,"menu_order":0,"comment_status":"open","ping_status":"closed","template":"","meta":[],"_links":{"self":[{"href":"https:\/\/leblanc.pl\/china_blue\/index.php\/wp-json\/wp\/v2\/pages\/229"}],"collection":[{"href":"https:\/\/leblanc.pl\/china_blue\/index.php\/wp-json\/wp\/v2\/pages"}],"about":[{"href":"https:\/\/leblanc.pl\/china_blue\/index.php\/wp-json\/wp\/v2\/types\/page"}],"author":[{"embeddable":true,"href":"https:\/\/leblanc.pl\/china_blue\/index.php\/wp-json\/wp\/v2\/users\/1"}],"replies":[{"embeddable":true,"href":"https:\/\/leblanc.pl\/china_blue\/index.php\/wp-json\/wp\/v2\/comments?post=229"}],"version-history":[{"count":25,"href":"https:\/\/leblanc.pl\/china_blue\/index.php\/wp-json\/wp\/v2\/pages\/229\/revisions"}],"predecessor-version":[{"id":1289,"href":"https:\/\/leblanc.pl\/china_blue\/index.php\/wp-json\/wp\/v2\/pages\/229\/revisions\/1289"}],"wp:attachment":[{"href":"https:\/\/leblanc.pl\/china_blue\/index.php\/wp-json\/wp\/v2\/media?parent=229"}],"curies":[{"name":"wp","href":"https:\/\/api.w.org\/{rel}","templated":true}]}}