{"id":2,"date":"2021-09-25T22:50:35","date_gmt":"2021-09-25T20:50:35","guid":{"rendered":"http:\/\/leblanc.pl\/china_blue\/?page_id=2"},"modified":"2023-11-22T15:42:20","modified_gmt":"2023-11-22T14:42:20","slug":"videos","status":"publish","type":"page","link":"https:\/\/leblanc.pl\/china_blue\/index.php\/videos\/","title":{"rendered":"Les vid\u00e9os"},"content":{"rendered":"<p>J&rsquo;ai fait des vid\u00e9os depuis mon arriv\u00e9e \u00e0 Glasgow. Je ne suis pas un cin\u00e9aste, et certaines sc\u00e8nes vous para\u00eetront sans int\u00e9r\u00eat.<br \/>\nMais j&rsquo;ai choisi de ne pas faire de tri, et je les publie toutes. Elles sont toutes sur Youtube.<br \/>\nJe ne suis pas non plus un Youtubeur, je ne mets pas de musique, de passages acc\u00e9l\u00e9r\u00e9s, ni d&rsquo;accroches prometteuses avec des filles en bikinis.<br \/>\nPas plus que je n&rsquo;ai de drone, ni de <em>Go-Pro<\/em>. Faut choisir, aimer naviguer, ou aimer qu&rsquo;on me voie naviguer.<br \/>\nVoici juste mes vid\u00e9os, comme je les ai film\u00e9es! <span style=\"font-size: 14pt;\"><a style=\"text-decoration: none;\" href=\"#remarque\"><span style=\"font-size: 18pt;\"><strong>\u2217<\/strong><\/span><\/a><\/span><\/p>\n<h3 style=\"text-align: center;\">N&rsquo;h\u00e9sitez pas \u00e0 visualiser ces vid\u00e9os en plein \u00e9cran.<\/h3>\n<p><span style=\"color: #ff0000;\"><em>Et activez les sous-titres!<\/em><\/span><\/p>\n<ul>\n<li><a href=\"https:\/\/leblanc.pl\/china_blue\/index.php\/videos\/china-blue-a-roscoff\/\">China Blue \u00e0 Roscoff en 2022 lors de l&rsquo;assembl\u00e9e g\u00e9n\u00e9rale annuelle de la Junk Rig Association<\/a>.<\/li>\n<\/ul>\n<ul>\n<li><a href=\"https:\/\/leblanc.pl\/china_blue\/index.php\/videos-2\/china-blue-retourne-en-charente\/\">China Blue rentre en Charente apr\u00e8s l&rsquo;assembl\u00e9e g\u00e9n\u00e9rale \u00e0 Roscoff<\/a>.<\/li>\n<\/ul>\n<ul>\n<li><a href=\"https:\/\/leblanc.pl\/china_blue\/index.php\/interview\/\">Interview r\u00e9alis\u00e9 pour la Junk Rig Association<\/a><\/li>\n<\/ul>\n<ul>\n<li><a href=\"https:\/\/leblanc.pl\/china_blue\/index.php\/clydebank-videos\">Vid\u00e9os faites au chantier naval \u00e0 Clydebank (Glasgow) jusqu&rsquo;\u00e0 la mise \u00e0 l&rsquo;eau de China Blue \/<\/a><\/li>\n<\/ul>\n<ul>\n<li><a href=\"https:\/\/leblanc.pl\/china_blue\/index.php\/videos\/video-first-leg-glasgow-to-troon\">Vid\u00e9os de la premi\u00e8re \u00e9tape, Glasgow \u00e0 Troon<\/a><\/li>\n<\/ul>\n<ul>\n<li><a href=\"https:\/\/leblanc.pl\/china_blue\/index.php\/videos\/scotland-ireland-wales\/\">Ecosse, Irlande et Pays de Galles<\/a><\/li>\n<\/ul>\n<ul>\n<li><a href=\"https:\/\/leblanc.pl\/china_blue\/index.php\/videos\/brittany-charente-and-end\">Bretagne, Charente et fin&#8230;<\/a><\/li>\n<\/ul>\n<hr \/>\n<div id=\"remarque\"><span style=\"font-size: 24pt;\"><strong>\u2217<\/strong><\/span> <span style=\"font-size: 12pt;\"><em>Et je me rappellerai, pour les prochaines fois, de ne plus faire de vid\u00e9os en mode \u00ab\u00a0portrait\u00a0\u00bb, afin de ne pas avoir de larges bandes noires bouffant toute la surface de l&rsquo;\u00e9cran de chaque c\u00f4t\u00e9<\/em><\/span><span style=\"font-size: 16px;\"><i>\u2026<\/i><\/span><\/div>\n<div id=\"remark\"><\/div>\n<div>\n<hr \/>\n<\/div>\n","protected":false},"excerpt":{"rendered":"<p>J&rsquo;ai fait des vid\u00e9os depuis mon arriv\u00e9e \u00e0 Glasgow. Je ne suis pas un cin\u00e9aste, et certaines sc\u00e8nes vous para\u00eetront sans int\u00e9r\u00eat. Mais j&rsquo;ai choisi de ne pas faire de tri, et je les publie toutes. Elles sont toutes sur &hellip; <a href=\"https:\/\/leblanc.pl\/china_blue\/index.php\/videos\/\">Continuer la lecture <span class=\"meta-nav\">&rarr;<\/span><\/a><\/p>\n","protected":false},"author":1,"featured_media":0,"parent":0,"menu_order":0,"comment_status":"open","ping_status":"open","template":"","meta":[],"_links":{"self":[{"href":"https:\/\/leblanc.pl\/china_blue\/index.php\/wp-json\/wp\/v2\/pages\/2"}],"collection":[{"href":"https:\/\/leblanc.pl\/china_blue\/index.php\/wp-json\/wp\/v2\/pages"}],"about":[{"href":"https:\/\/leblanc.pl\/china_blue\/index.php\/wp-json\/wp\/v2\/types\/page"}],"author":[{"embeddable":true,"href":"https:\/\/leblanc.pl\/china_blue\/index.php\/wp-json\/wp\/v2\/users\/1"}],"replies":[{"embeddable":true,"href":"https:\/\/leblanc.pl\/china_blue\/index.php\/wp-json\/wp\/v2\/comments?post=2"}],"version-history":[{"count":66,"href":"https:\/\/leblanc.pl\/china_blue\/index.php\/wp-json\/wp\/v2\/pages\/2\/revisions"}],"predecessor-version":[{"id":1291,"href":"https:\/\/leblanc.pl\/china_blue\/index.php\/wp-json\/wp\/v2\/pages\/2\/revisions\/1291"}],"wp:attachment":[{"href":"https:\/\/leblanc.pl\/china_blue\/index.php\/wp-json\/wp\/v2\/media?parent=2"}],"curies":[{"name":"wp","href":"https:\/\/api.w.org\/{rel}","templated":true}]}}