{"id":18,"date":"2021-09-25T23:00:47","date_gmt":"2021-09-25T21:00:47","guid":{"rendered":"http:\/\/leblanc.pl\/china_blue\/?page_id=18"},"modified":"2025-01-30T10:56:46","modified_gmt":"2025-01-30T09:56:46","slug":"where-it-all-began","status":"publish","type":"page","link":"https:\/\/leblanc.pl\/china_blue\/","title":{"rendered":"O\u00f9 tout a commenc\u00e9"},"content":{"rendered":"<h3><span style=\"color: #333399;\"><em>Notez s&rsquo;il vous pla\u00eet que China Blue n&rsquo;est plus n\u00f4tre, depuis D\u00e9cembre 2022. Notre nouveau bateau est <a href=\"https:\/\/leblanc.pl\/paradox\/\" target=\"_blank\" rel=\"noopener\">Paradox Of Plym<\/a>, ses aventures seront publi\u00e9es quand nous aurons un peu plus navigu\u00e9 avec lui.<\/em><\/span><\/h3>\r\n<hr \/>\r\n<p>J&rsquo;ai d\u00e9velopp\u00e9 une passion pour les gr\u00e9ements de jonque et suis devenu membre de la <a href=\"https:\/\/www.junkrigassociation.org\/\" target=\"_blank\" rel=\"noopener\">Junk Rig Association<\/a> (<em>la JRA, association des gr\u00e9ements de jonques<\/em>) apr\u00e8s avoir lu par hasard le livre de <a href=\"http:\/\/www.thesimplesailor.com\/\" target=\"_blank\" rel=\"noopener\">Roger Taylor<\/a>, \u00ab\u00a0<strong>Ming-Ming et l&rsquo;art de la navigation minimaliste<\/strong>\u00a0\u00bb traduit par Eric Andlauer.<br \/>A cette \u00e9poque il y avait une annonce dans la rubrique <em>Echange, Achats et Ventes<\/em> du site de la JRA, pour une go\u00e9lette \u00e0 gr\u00e9ement de jonque nomm\u00e9e <strong><em>China Blue<\/em><\/strong>. C&rsquo;\u00e9tait en 2017, je n&rsquo;avais ni le temps ni le budget et ce bateau est rest\u00e9 un r\u00eave r\u00e9current.<br \/><br \/>L&rsquo;an dernier, en 2020, ayant pris ma retraite et mis un peu d&rsquo;argent de c\u00f4t\u00e9, j&rsquo;ai d\u00e9couvert que China Blue n&rsquo;avait pas \u00e9t\u00e9 vendue, et j&rsquo;ai d\u00e9cid\u00e9 de foncer.<\/p>\r\n<h3>Ce site est d\u00e9di\u00e9 \u00e0 mon acquisition de China Blue et au voyage qui l&rsquo;a amen\u00e9e de Glasgow, en Ecosse, via l&rsquo;Irlande puis le Pays de Galles, jusqu&rsquo;\u00e0 Soubise, sur la Charente, en France.<\/h3>\r\n<p>&nbsp;<\/p>\r\n<!-- \/wp:html -->\r\n\r\n<!-- wp:heading {\"textAlign\":\"center\"} --><!-- \/wp:heading -->\r\n\r\n<!-- wp:image {\"align\":\"center\",\"id\":40,\"sizeSlug\":\"large\",\"linkDestination\":\"none\",\"className\":\"is-style-default\"} -->\r\n<div class=\"wp-block-image is-style-default\">\r\n<figure class=\"aligncenter size-large\"><img loading=\"lazy\" width=\"1024\" height=\"768\" class=\"wp-image-40 alignnone\" src=\"https:\/\/leblanc.pl\/china_blue\/wp-content\/uploads\/2021\/09\/20210723_093351-1024x768.jpg\" alt=\"\" srcset=\"https:\/\/leblanc.pl\/china_blue\/wp-content\/uploads\/2021\/09\/20210723_093351-1024x768.jpg 1024w, https:\/\/leblanc.pl\/china_blue\/wp-content\/uploads\/2021\/09\/20210723_093351-300x225.jpg 300w, https:\/\/leblanc.pl\/china_blue\/wp-content\/uploads\/2021\/09\/20210723_093351-768x576.jpg 768w, https:\/\/leblanc.pl\/china_blue\/wp-content\/uploads\/2021\/09\/20210723_093351-1536x1152.jpg 1536w, https:\/\/leblanc.pl\/china_blue\/wp-content\/uploads\/2021\/09\/20210723_093351-2048x1536.jpg 2048w\" sizes=\"(max-width: 1024px) 100vw, 1024px\" \/>\r\n<figcaption>China Blue \u00e0 Glasgow<\/figcaption>\r\n<\/figure>\r\n<\/div>","protected":false},"excerpt":{"rendered":"<p>Notez s&rsquo;il vous pla\u00eet que China Blue n&rsquo;est plus n\u00f4tre, depuis D\u00e9cembre 2022. Notre nouveau bateau est Paradox Of Plym, ses aventures seront publi\u00e9es quand nous aurons un peu plus navigu\u00e9 avec lui. J&rsquo;ai d\u00e9velopp\u00e9 une passion pour les gr\u00e9ements &hellip; <a href=\"https:\/\/leblanc.pl\/china_blue\/\">Continuer la lecture <span class=\"meta-nav\">&rarr;<\/span><\/a><\/p>\n","protected":false},"author":1,"featured_media":0,"parent":0,"menu_order":0,"comment_status":"open","ping_status":"closed","template":"","meta":[],"_links":{"self":[{"href":"https:\/\/leblanc.pl\/china_blue\/index.php\/wp-json\/wp\/v2\/pages\/18"}],"collection":[{"href":"https:\/\/leblanc.pl\/china_blue\/index.php\/wp-json\/wp\/v2\/pages"}],"about":[{"href":"https:\/\/leblanc.pl\/china_blue\/index.php\/wp-json\/wp\/v2\/types\/page"}],"author":[{"embeddable":true,"href":"https:\/\/leblanc.pl\/china_blue\/index.php\/wp-json\/wp\/v2\/users\/1"}],"replies":[{"embeddable":true,"href":"https:\/\/leblanc.pl\/china_blue\/index.php\/wp-json\/wp\/v2\/comments?post=18"}],"version-history":[{"count":36,"href":"https:\/\/leblanc.pl\/china_blue\/index.php\/wp-json\/wp\/v2\/pages\/18\/revisions"}],"predecessor-version":[{"id":119,"href":"https:\/\/leblanc.pl\/china_blue\/index.php\/wp-json\/wp\/v2\/pages\/18\/revisions\/119"}],"wp:attachment":[{"href":"https:\/\/leblanc.pl\/china_blue\/index.php\/wp-json\/wp\/v2\/media?parent=18"}],"curies":[{"name":"wp","href":"https:\/\/api.w.org\/{rel}","templated":true}]}}