{"id":1276,"date":"2023-01-17T21:39:57","date_gmt":"2023-01-17T20:39:57","guid":{"rendered":"https:\/\/leblanc.pl\/china_blue\/?page_id=1276"},"modified":"2023-01-17T21:48:16","modified_gmt":"2023-01-17T20:48:16","slug":"china-blue-retourne-en-charente","status":"publish","type":"page","link":"https:\/\/leblanc.pl\/china_blue\/index.php\/videos-2\/china-blue-retourne-en-charente\/","title":{"rendered":"China Blue retourne en Charente"},"content":{"rendered":"<p class=\"text-align:left;\">China Blue rentre en Charente apr\u00e8s l&rsquo;assembl\u00e9e g\u00e9n\u00e9rale de Roscoff. Vid\u00e9o  gentiment r\u00e9alis\u00e9e par mon ami <em><strong>Kevin Cardiff<\/strong><\/em>, de la Junk Rig Association.<\/p>\n<h3 style=\"text-align: center;\">N&rsquo;h\u00e9sitez pas \u00e0 visualiser les vid\u00e9os en plein \u00e9cran!<\/h3>\n<p style=\"text-align: center;\"><span style=\"color: #ff0000;\"><em>et activez les sous-titres!<\/em><\/span><\/p>\n<p style=\"text-align: center;\"><iframe loading=\"lazy\" title=\"Junk Rig Schooner, China Blue, Heads Home\" width=\"640\" height=\"360\" src=\"https:\/\/www.youtube.com\/embed\/-iI5FROLRr4?feature=oembed\" frameborder=\"0\" allow=\"accelerometer; autoplay; clipboard-write; encrypted-media; gyroscope; picture-in-picture; web-share\" allowfullscreen><\/iframe><\/p>\n","protected":false},"excerpt":{"rendered":"<p>China Blue rentre en Charente apr\u00e8s l&rsquo;assembl\u00e9e g\u00e9n\u00e9rale de Roscoff. Vid\u00e9o gentiment r\u00e9alis\u00e9e par mon ami Kevin Cardiff, de la Junk Rig Association. N&rsquo;h\u00e9sitez pas \u00e0 visualiser les vid\u00e9os en plein \u00e9cran! et activez les sous-titres!<\/p>\n","protected":false},"author":1,"featured_media":0,"parent":1139,"menu_order":0,"comment_status":"closed","ping_status":"closed","template":"","meta":[],"_links":{"self":[{"href":"https:\/\/leblanc.pl\/china_blue\/index.php\/wp-json\/wp\/v2\/pages\/1276"}],"collection":[{"href":"https:\/\/leblanc.pl\/china_blue\/index.php\/wp-json\/wp\/v2\/pages"}],"about":[{"href":"https:\/\/leblanc.pl\/china_blue\/index.php\/wp-json\/wp\/v2\/types\/page"}],"author":[{"embeddable":true,"href":"https:\/\/leblanc.pl\/china_blue\/index.php\/wp-json\/wp\/v2\/users\/1"}],"replies":[{"embeddable":true,"href":"https:\/\/leblanc.pl\/china_blue\/index.php\/wp-json\/wp\/v2\/comments?post=1276"}],"version-history":[{"count":3,"href":"https:\/\/leblanc.pl\/china_blue\/index.php\/wp-json\/wp\/v2\/pages\/1276\/revisions"}],"predecessor-version":[{"id":1279,"href":"https:\/\/leblanc.pl\/china_blue\/index.php\/wp-json\/wp\/v2\/pages\/1276\/revisions\/1279"}],"up":[{"embeddable":true,"href":"https:\/\/leblanc.pl\/china_blue\/index.php\/wp-json\/wp\/v2\/pages\/1139"}],"wp:attachment":[{"href":"https:\/\/leblanc.pl\/china_blue\/index.php\/wp-json\/wp\/v2\/media?parent=1276"}],"curies":[{"name":"wp","href":"https:\/\/api.w.org\/{rel}","templated":true}]}}