{"id":1254,"date":"2023-01-17T18:08:03","date_gmt":"2023-01-17T17:08:03","guid":{"rendered":"https:\/\/leblanc.pl\/china_blue\/?page_id=1254"},"modified":"2025-01-30T11:08:51","modified_gmt":"2025-01-30T10:08:51","slug":"paradox-of-plym","status":"publish","type":"page","link":"https:\/\/leblanc.pl\/china_blue\/index.php\/paradox-of-plym\/","title":{"rendered":"Paradox Of Plym"},"content":{"rendered":"<h3>Ceci est un aper\u00e7u rapide de notre nouvelle go\u00e9lette \u00e0 gr\u00e9ement de jonque, <em><strong>Paradox of Plym<\/strong><\/em>, achet\u00e9e en Septembre 2022.<\/h3>\n<h3>C&rsquo;est un magnifique Freedom 39, construit en 1988.<\/h3>\n<h3>Pour en savoir plus, voici le site o\u00f9 est racont\u00e9 son voyage de <strong>Soubise<\/strong> \u00e0 <strong>Dublin<\/strong>, en 2024\u00a0:\u00a0<a href=\"https:\/\/leblanc.pl\/paradox\/\" target=\"_blank\" rel=\"noopener\">https:\/\/leblanc.pl\/paradox\/<\/a><\/h3>\n<div id=\"attachment_1258\" style=\"width: 310px\" class=\"wp-caption alignnone\"><a href=\"https:\/\/leblanc.pl\/china_blue\/wp-content\/uploads\/2023\/01\/babord.jpg\" target=\"_blank\" rel=\"noopener\"><img aria-describedby=\"caption-attachment-1258\" loading=\"lazy\" class=\"wp-image-1258 size-medium\" src=\"https:\/\/leblanc.pl\/china_blue\/wp-content\/uploads\/2023\/01\/babord-300x206.jpg\" alt=\"Freedom 39 Pilot House\" width=\"300\" height=\"206\" srcset=\"https:\/\/leblanc.pl\/china_blue\/wp-content\/uploads\/2023\/01\/babord-300x206.jpg 300w, https:\/\/leblanc.pl\/china_blue\/wp-content\/uploads\/2023\/01\/babord-768x528.jpg 768w, https:\/\/leblanc.pl\/china_blue\/wp-content\/uploads\/2023\/01\/babord.jpg 924w\" sizes=\"(max-width: 300px) 100vw, 300px\" \/><\/a><p id=\"caption-attachment-1258\" class=\"wp-caption-text\">Paradox Of Plym<\/p><\/div>\n<div id=\"attachment_1259\" style=\"width: 310px\" class=\"wp-caption alignnone\"><a href=\"https:\/\/leblanc.pl\/china_blue\/wp-content\/uploads\/2023\/01\/travel-lift.jpg\" target=\"_blank\" rel=\"noopener\"><img aria-describedby=\"caption-attachment-1259\" loading=\"lazy\" class=\"wp-image-1259 size-medium\" src=\"https:\/\/leblanc.pl\/china_blue\/wp-content\/uploads\/2023\/01\/travel-lift-300x223.jpg\" alt=\"Dans le travel lift\" width=\"300\" height=\"223\" srcset=\"https:\/\/leblanc.pl\/china_blue\/wp-content\/uploads\/2023\/01\/travel-lift-300x223.jpg 300w, https:\/\/leblanc.pl\/china_blue\/wp-content\/uploads\/2023\/01\/travel-lift-768x571.jpg 768w, https:\/\/leblanc.pl\/china_blue\/wp-content\/uploads\/2023\/01\/travel-lift.jpg 1012w\" sizes=\"(max-width: 300px) 100vw, 300px\" \/><\/a><p id=\"caption-attachment-1259\" class=\"wp-caption-text\">Dans le travel lift<\/p><\/div>\n","protected":false},"excerpt":{"rendered":"<p>Ceci est un aper\u00e7u rapide de notre nouvelle go\u00e9lette \u00e0 gr\u00e9ement de jonque, Paradox of Plym, achet\u00e9e en Septembre 2022. C&rsquo;est un magnifique Freedom 39, construit en 1988. Pour en savoir plus, voici le site o\u00f9 est racont\u00e9 son voyage &hellip; <a href=\"https:\/\/leblanc.pl\/china_blue\/index.php\/paradox-of-plym\/\">Continuer la lecture <span class=\"meta-nav\">&rarr;<\/span><\/a><\/p>\n","protected":false},"author":1,"featured_media":0,"parent":0,"menu_order":0,"comment_status":"closed","ping_status":"closed","template":"","meta":[],"_links":{"self":[{"href":"https:\/\/leblanc.pl\/china_blue\/index.php\/wp-json\/wp\/v2\/pages\/1254"}],"collection":[{"href":"https:\/\/leblanc.pl\/china_blue\/index.php\/wp-json\/wp\/v2\/pages"}],"about":[{"href":"https:\/\/leblanc.pl\/china_blue\/index.php\/wp-json\/wp\/v2\/types\/page"}],"author":[{"embeddable":true,"href":"https:\/\/leblanc.pl\/china_blue\/index.php\/wp-json\/wp\/v2\/users\/1"}],"replies":[{"embeddable":true,"href":"https:\/\/leblanc.pl\/china_blue\/index.php\/wp-json\/wp\/v2\/comments?post=1254"}],"version-history":[{"count":7,"href":"https:\/\/leblanc.pl\/china_blue\/index.php\/wp-json\/wp\/v2\/pages\/1254\/revisions"}],"predecessor-version":[{"id":1305,"href":"https:\/\/leblanc.pl\/china_blue\/index.php\/wp-json\/wp\/v2\/pages\/1254\/revisions\/1305"}],"wp:attachment":[{"href":"https:\/\/leblanc.pl\/china_blue\/index.php\/wp-json\/wp\/v2\/media?parent=1254"}],"curies":[{"name":"wp","href":"https:\/\/api.w.org\/{rel}","templated":true}]}}