{"id":1113,"date":"2022-05-02T16:46:30","date_gmt":"2022-05-02T14:46:30","guid":{"rendered":"https:\/\/leblanc.pl\/china_blue\/?page_id=1113"},"modified":"2022-05-08T23:48:27","modified_gmt":"2022-05-08T21:48:27","slug":"what-too-much-money","status":"publish","type":"page","link":"https:\/\/leblanc.pl\/china_blue\/index.php\/what-too-much-money\/","title":{"rendered":"Quoi, trop d&rsquo;argent?"},"content":{"rendered":"\r\n<p>Je suis heureux que ce titre vous ait interpel\u00e9, preuve qu&rsquo;il a bien assur\u00e9 le r\u00f4le que je lui avais esp\u00e9r\u00e9.<\/p>\r\n<p><span style=\"color: #000000;\"><em><b>Le plus beau panache que je puisse redonner \u00e0 China Blue, serait qu&rsquo;elle ait contribu\u00e9 \u00e0 <\/b><b>\u0153uvrer<\/b><b> pour une cause utile, humaine, vitale.<\/b><\/em><\/span><\/p>\r\n<p>Je vous propose donc, humblement, ces deux liens pour une\u00a0<span style=\"text-decoration: line-through; font-size: 10pt;\">petite<\/span>\u00a0contribution:<\/p>\r\n<ul>\r\n<li><strong>Aider l\u2019Ukraine<\/strong>: <a href=\"https:\/\/www.croix-rouge.fr\/faq?question=comment-faire-un-don-pour-l-ukraine\" target=\"_blank\" rel=\"noopener\">https:\/\/www.croix-rouge.fr\/faq?question=comment-faire-un-don-pour-l-ukraine<\/a><\/li>\r\n<li><strong>Sauveteurs en mer<\/strong>: <a href=\"https:\/\/www.snsm.org\/nous-soutenir\/donner\/faire-un-don\" target=\"_blank\" rel=\"noreferrer noopener\">https:\/\/www.snsm.org\/nous-soutenir\/donner\/faire-un-don<\/a><\/li>\r\n<\/ul>\r\n<p><em style=\"font-size: 16px;\">Votre nom, logo, pavillon, petit dessin ou citation, sera alors pr\u00e9sent sur la coque, sur une voile, ou ailleurs,\u00a0<strong>mais il naviguera avec China Blue!\u00a0<\/strong><\/em><span style=\"font-size: 16px;\">(contactez-moi pour les d\u00e9tails).<\/span><\/p>\r\n<p>Je remercie de tout c\u0153ur celles et ceux qui ont d\u00e9j\u00e0 contribu\u00e9. <br \/>Retrouvez-les sur la page <a href=\"https:\/\/leblanc.pl\/china_blue\/index.php\/sponsors\/\"><strong><em>sponsors<\/em><\/strong><\/a>!<\/p>","protected":false},"excerpt":{"rendered":"<p>Je suis heureux que ce titre vous ait interpel\u00e9, preuve qu&rsquo;il a bien assur\u00e9 le r\u00f4le que je lui avais esp\u00e9r\u00e9. Le plus beau panache que je puisse redonner \u00e0 China Blue, serait qu&rsquo;elle ait contribu\u00e9 \u00e0 \u0153uvrer pour une &hellip; <a href=\"https:\/\/leblanc.pl\/china_blue\/index.php\/what-too-much-money\/\">Continuer la lecture <span class=\"meta-nav\">&rarr;<\/span><\/a><\/p>\n","protected":false},"author":1,"featured_media":0,"parent":0,"menu_order":0,"comment_status":"closed","ping_status":"closed","template":"","meta":[],"_links":{"self":[{"href":"https:\/\/leblanc.pl\/china_blue\/index.php\/wp-json\/wp\/v2\/pages\/1113"}],"collection":[{"href":"https:\/\/leblanc.pl\/china_blue\/index.php\/wp-json\/wp\/v2\/pages"}],"about":[{"href":"https:\/\/leblanc.pl\/china_blue\/index.php\/wp-json\/wp\/v2\/types\/page"}],"author":[{"embeddable":true,"href":"https:\/\/leblanc.pl\/china_blue\/index.php\/wp-json\/wp\/v2\/users\/1"}],"replies":[{"embeddable":true,"href":"https:\/\/leblanc.pl\/china_blue\/index.php\/wp-json\/wp\/v2\/comments?post=1113"}],"version-history":[{"count":31,"href":"https:\/\/leblanc.pl\/china_blue\/index.php\/wp-json\/wp\/v2\/pages\/1113\/revisions"}],"predecessor-version":[{"id":1244,"href":"https:\/\/leblanc.pl\/china_blue\/index.php\/wp-json\/wp\/v2\/pages\/1113\/revisions\/1244"}],"wp:attachment":[{"href":"https:\/\/leblanc.pl\/china_blue\/index.php\/wp-json\/wp\/v2\/media?parent=1113"}],"curies":[{"name":"wp","href":"https:\/\/api.w.org\/{rel}","templated":true}]}}