{"id":1099,"date":"2021-12-20T14:13:57","date_gmt":"2021-12-20T13:13:57","guid":{"rendered":"https:\/\/leblanc.pl\/china_blue\/?page_id=1099"},"modified":"2022-05-05T00:24:56","modified_gmt":"2022-05-04T22:24:56","slug":"interview","status":"publish","type":"page","link":"https:\/\/leblanc.pl\/china_blue\/index.php\/interview\/","title":{"rendered":"Interview"},"content":{"rendered":"<p class=\"text-align:left;\">Cet interview a \u00e9t\u00e9 gentiment r\u00e9alis\u00e9 par mon ami <em><strong>Kevin Cardiff<\/strong><\/em>, pour le compte de la Junk Rig Association.<\/p>\n<h3 style=\"text-align: center;\">N&rsquo;h\u00e9sitez pas \u00e0 visualiser les vid\u00e9os en plein \u00e9cran!<\/h3>\n<p style=\"text-align: center;\"><span style=\"color: #ff0000;\"><em>et activez les sous-titres!<\/em><\/span><\/p>\n<p style=\"text-align: center;\"><iframe loading=\"lazy\" title=\"Buying a Junk Rig Schooner and sailing it to France - interview with Patrick LeBlanc\" width=\"640\" height=\"360\" src=\"https:\/\/www.youtube.com\/embed\/4GsPLpCRjYU?feature=oembed\" frameborder=\"0\" allow=\"accelerometer; autoplay; clipboard-write; encrypted-media; gyroscope; picture-in-picture\" allowfullscreen><\/iframe><\/p>\n","protected":false},"excerpt":{"rendered":"<p>Cet interview a \u00e9t\u00e9 gentiment r\u00e9alis\u00e9 par mon ami Kevin Cardiff, pour le compte de la Junk Rig Association. N&rsquo;h\u00e9sitez pas \u00e0 visualiser les vid\u00e9os en plein \u00e9cran! et activez les sous-titres!<\/p>\n","protected":false},"author":1,"featured_media":0,"parent":0,"menu_order":0,"comment_status":"closed","ping_status":"closed","template":"","meta":[],"_links":{"self":[{"href":"https:\/\/leblanc.pl\/china_blue\/index.php\/wp-json\/wp\/v2\/pages\/1099"}],"collection":[{"href":"https:\/\/leblanc.pl\/china_blue\/index.php\/wp-json\/wp\/v2\/pages"}],"about":[{"href":"https:\/\/leblanc.pl\/china_blue\/index.php\/wp-json\/wp\/v2\/types\/page"}],"author":[{"embeddable":true,"href":"https:\/\/leblanc.pl\/china_blue\/index.php\/wp-json\/wp\/v2\/users\/1"}],"replies":[{"embeddable":true,"href":"https:\/\/leblanc.pl\/china_blue\/index.php\/wp-json\/wp\/v2\/comments?post=1099"}],"version-history":[{"count":8,"href":"https:\/\/leblanc.pl\/china_blue\/index.php\/wp-json\/wp\/v2\/pages\/1099\/revisions"}],"predecessor-version":[{"id":1182,"href":"https:\/\/leblanc.pl\/china_blue\/index.php\/wp-json\/wp\/v2\/pages\/1099\/revisions\/1182"}],"wp:attachment":[{"href":"https:\/\/leblanc.pl\/china_blue\/index.php\/wp-json\/wp\/v2\/media?parent=1099"}],"curies":[{"name":"wp","href":"https:\/\/api.w.org\/{rel}","templated":true}]}}